{"id":8784,"date":"2025-05-29T18:06:17","date_gmt":"2025-05-29T16:06:17","guid":{"rendered":"https:\/\/skolenivirkeligheden.dk\/ballerup\/?page_id=8784"},"modified":"2025-05-29T18:06:17","modified_gmt":"2025-05-29T16:06:17","slug":"persondatapolitik","status":"publish","type":"page","link":"https:\/\/skolenivirkeligheden.dk\/ballerup\/persondatapolitik\/","title":{"rendered":"Persondatapolitik"},"content":{"rendered":"<h1 class=\"wp-block-post-title\">Persondatapolitik<\/h1><div class=\"breadcrumbs\">\n\t\t\t<div class=\"breadcrumbs-part\">\n\t\t\t<a href=\"https:\/\/skolenivirkeligheden.dk\/ballerup\/\" title=\"Ballerup\">Ballerup<\/a><span class=\"seperator\">&#187;<\/span>\n\t\t<\/div>\n\t\t\t<div class=\"breadcrumbs-part\">\n\t\t\t<a href=\"https:\/\/skolenivirkeligheden.dk\/ballerup\/persondatapolitik\/\" title=\"Persondatapolitik\">Persondatapolitik<\/a><span class=\"seperator\">&#187;<\/span>\n\t\t<\/div>\n\t<\/div><p>I denne persondatapolitik beskrives, hvordan vi indsamler og bruger de personoplysninger, som du efterlader dig og\/eller afgiver, n\u00e5r du bes\u00f8ger vores hjemmeside, og anvender de forskellige services og funktioner, som skolenivirkeligheden.dk tilbyder.<\/p><p><strong>1. Indsamling af personoplysninger<\/strong><br>Vi informerer dig altid, f\u00f8r vi indsamler dine personoplysninger. Dine personoplysninger giver os mulighed for at give dig en bedre service. N\u00e5r du opretter dig som udbyder hos os, samtykker du til, at vi behandler dine personoplysninger p\u00e5 den m\u00e5de, der er n\u00e6vnt i denne persondatapolitik.<\/p><p><strong>1.1 Oplysninger i forbindelse oprettelse af forl\u00f8b<\/strong><br>N\u00e5r du opretter et forl\u00f8b som udbyder, opgiver du selv oplysningerne: Oprettelsesdato af forl\u00f8bet, Navn, Billede, E-mail, Tlf. nr., Adresse, Oplysninger om forl\u00f8bet, Hjemmesideadresse, Pris, samt Fag, M\u00e5lgruppe, S\u00e6son og L\u00e6ringsm\u00e5l<\/p><p><strong>1.2 Oplysninger i forbindelse med at dig som tilbudstager<\/strong><br>N\u00e5r du som tilbudtager bruger skolenivirkeligheden.dk, indsamler vi ingen oplysninger som er personhenf\u00f8rbare, andre end oplysninger jf. 1.4.<br>N\u00e5r du henvender dig som tilbudstager, opgiver du selv oplysningerne: Navn, E-mail, og Tlf.nr. og disse deles udelukkende med tilbudsudbyderen via email og lagres derfor ikke nogen steder hos skolenivirkeligheden.dk.<\/p><p><strong>1.3 Oplysninger i forbindelse med at du tilmelder dig vores e-post med nyhedsbrev, forl\u00f8b og andre nyheder<\/strong><br>N\u00e5r du tilmelder dig vores e-post med nyhedsbrev, forl\u00f8b og andre nyheder om \u00e5benskole og l\u00e6ringsforl\u00f8b i forbindelse med skolenivirkeligheden.dk, giver du samtykke til, at vi behandler dit navn, e-mailadresse og tlf.nr.<\/p><p><strong>1.4 Oplysninger om din adf\u00e6rd p\u00e5 hjemmesiden<\/strong><br>Vi indsamler informationer om din adf\u00e6rd, n\u00e5r du bes\u00f8ger vores hjemmeside, s\u00e5som: hvilke sider du har bes\u00f8gt, i hvilken r\u00e6kkef\u00f8lge og hvor du har klikket p\u00e5 disse sider. Oplysningerne bruger vi til at sikre, at du f\u00e5r den mest relevante oplevelse p\u00e5 hjemmesiden og for l\u00f8bende at optimere vores hjemmeside.<\/p><p>Disse personoplysninger indsamles via cookies.&nbsp;<a href=\"https:\/\/skolenivirkeligheden.dk\/cookiepolitik\">Se <\/a><a href=\"https:\/\/skolenivirkeligheden.dk\/cookiepolitik\/\" data-type=\"page\" data-id=\"258\">vores Cookipolitik her<\/a><\/p><p><strong>2 Brug af personoplysninger, form\u00e5l og behandlingsgrundlag<\/strong><br>Vi indsamler og bruger personoplysninger til de form\u00e5l, der er beskrevet nedenfor. Vi kan ogs\u00e5 behandle dine personoplysninger til andre form\u00e5l, hvis vi lovgivningsm\u00e6ssigt er berettigede eller forpligtede til det.<br>&nbsp;<br>Vi bruger dine personlige oplysninger til at sikre, at du f\u00e5r den bedst mulige oplevelse med vores hjemmeside og bedste service. N\u00e5r du opretter et forl\u00f8b som udbyder, giver du samtidig samtykke til vores behandling af dine personoplysninger i henhold til denne Persondatapolitik.<br>&nbsp;<br>Tilbudsgivers personoplysninger i henhold til pkt. 1.1 bliver registreret og gjort tilg\u00e6ngelige for tilbudstagere, med det form\u00e5l at tilbudstager skal kunne kontakte udbyder.<br>&nbsp;<br>N\u00e5r du registrerer et forl\u00f8b som udbyder, indsamler vi de oplysninger, du selv afgiver: Oprettelses dato af forl\u00f8bet, Navn, Billede, E-mail, Tlf. nr., Adresse, Oplysninger om forl\u00f8bet, Hjemmesideadresse, Pris, samt Fag, M\u00e5lgruppe, S\u00e6son og L\u00e6ringsm\u00e5l.<br>Form\u00e5let er, at tilbudstager skal kunne kontakte udbyder.<br>Retsgrundlaget for behandlingen er EU Persondataforordningens art 6, stk. 1, litra b, c og f.<br>Behandlingsgrundlaget herfor er samtykke. Se mere om samtykke i pkt. 3 nedenfor.<br>&nbsp;<br>Dine personoplysninger som tilbudstager i henhold til pkt. 1.2. Dit Navn, E-mail, og Tlf.nr. bruges udelukkende til at videreformidle disse oplysninger til udbyder og registreres ingen steder.<\/p><p>N\u00e5r du har givet samtykke til nyhedsbrevet, bruger vi dine personoplysninger til at sende nyhedsbreve, forl\u00f8b og andre nyheder om \u00e5benskole og l\u00e6ringsforl\u00f8b i forbindelse med skolenivirkeligheden.dk.<br>N\u00e5r du tilmelder dig til vores nyhedsbrev, forl\u00f8b og andre nyheder, indsamler vi oplysning om dit navn, e-mailadresse og tlf.nr.<br>Form\u00e5let er at varetage vores interesse i at kunne levere nyheder og forl\u00f8b til dig.&nbsp; Retsgrundlaget for behandlingen er EU Persondataforordningens art 6, stk. 1, litra f.<br>Behandlingsgrundlaget herfor er samtykke. Se mere om samtykke i pkt. 3 nedenfor.<\/p><p>I nogle tilf\u00e6lde bruger vi dine data i anonymiseret form. Dette kan for eksempel v\u00e6re tekniske informationer, som alene anvendes til statistiske form\u00e5l og til fejls\u00f8gning.<\/p><p><br>Vi benytter en r\u00e6kke databehandlere til opbevaring og behandling af data. Disse behandler udelukkende oplysninger efter vores instruks og m\u00e5 ikke anvende dem til egne form\u00e5l.<\/p><p>Vi anvender kun databehandlere i EU og i lande, der kan give dine oplysninger en tilstr\u00e6kkelig beskyttelse. Dine personoplysninger videregives ikke, medmindre du forinden har givet specifikt samtykke hertil.<\/p><p><strong>2.1 Cookies<\/strong><br>Vi bruger cookies p\u00e5 vores hjemmeside.&nbsp;<a href=\"https:\/\/skolenivirkeligheden.dk\/cookiepolitik\/\" data-type=\"page\" data-id=\"258\">Se vores Cookiepolitik her<\/a><br>Behandling af personoplysninger, som er indsamlet gennem cookies, er baseret p\u00e5 dit samtykke. Du kan l\u00e6se mere om vilk\u00e5rene for afgivelse af samtykke i pkt. 3 nedenfor.<\/p><p><strong>3. Samtykke<\/strong><br>N\u00e5r du bruger vores hjemmeside og service, indsamler og behandler vi i nogle tilf\u00e6lde dine personoplysninger p\u00e5 baggrund af dit samtykke, jf. pkt. 2 ovenfor. &nbsp;<br>&nbsp;<br>Dit samtykke registreres p\u00e5 tilbudsniveu, det vil sige vi indhenter dit samtykke for hvert enkelt tilbud, du opretter som udbyder.<\/p><p>Du kan til enhver tid tr\u00e6kke dit samtykke tilbage. Dette kan ske ved at kontakte os (se kontaktoplysninger under pkt. 8).<br>&nbsp;<br>Hvis du tr\u00e6kker dit samtykke tilbage, vil forl\u00f8bet slettes.<\/p><p>Hvis du tr\u00e6kker dit samtykke tilbage, vil vi stoppe behandlingen af dine personoplysninger, medmindre vi er berettigede eller forpligtede til at forts\u00e6tte behandlingen eller opbevaringen af dine personoplysninger p\u00e5 andet grundlag, herunder i henhold til g\u00e6ldende lovgivning.<br>&nbsp;<br>Tilbagekaldelse af dit samtykke ber\u00f8rer ikke lovligheden af den behandling, som er sket f\u00f8r tilbagekaldelse af samtykket.<br>&nbsp;<br>Samtykke til vores nyhedsbrev kan altid tr\u00e6kkes tilbage. Dette g\u00f8res ved at du klikker i bunden af vores nyhedsbreve og trykker p\u00e5 \u201cAfmeld\u201d. Alternativt kan du ogs\u00e5 skrive til: Christina Harting, Ballerup Kommune, Hold-an Vej 7, 2750 Ballerup.<\/p><p><strong>4. Sletning af persondata<\/strong><br>Hvis du tr\u00e6kker dit samtykke tilbage, eller hvis du beder om at dit forl\u00f8b bliver slettet, eller hvis dit forl\u00f8b ikke l\u00e6ngere er aktivt &#8211; vil dit forl\u00f8b blive slettet.<\/p><p>Hvert forl\u00f8b oprettes og registreres s\u00e6rskilt med dine personoplysninger og samtykke. Det vil sige at dine personoplysninger kan v\u00e6re knyttet til flere forskellige tilbud. Det vil derfor v\u00e6re muligt, at dine personoplysninger stadig kan v\u00e6re tilknyttet andre forl\u00f8b du tidligere har oprettet, hvis du f\u00e5r slettet et tilbud.<\/p><p>Hvis du tr\u00e6kker dit samtykke tilbage og sletter dine personoplysninger, vil vi ogs\u00e5 slette dine tilknyttede tilbud, da du ikke l\u00e6ngere vil kunne benytte funktionerne p\u00e5 vores hjemmeside.<\/p><p>Vi vil slette disse uden un\u00f8digt ophold, inden 7 arbejdsdage, medmindre vi kan forts\u00e6tte behandlingen p\u00e5 et andet grundlag, fx hvis behandlingen er n\u00f8dvendig for at kunne fastl\u00e6gge et retskrav, eller hvis det er en retlig forpligtelse. Der kan dog g\u00e5 op til 3 m\u00e5neder inden alle dine oplysninger er slettet som f\u00f8lge af back-ups mv.<\/p><p>Hvis du beder om at dit(ne) forl\u00f8b bliver slettet, slettes dine personoplysninger ogs\u00e5.<br>Vi vil slette disse uden un\u00f8dig ophold, inden 7 arbejdsdage, medmindre vi kan forts\u00e6tte behandlingen p\u00e5 et andet grundlag, fx hvis behandlingen er n\u00f8dvendig for at kunne fastl\u00e6gge et retskrav, eller hvis det er en retlig forpligtelse. Der kan dog g\u00e5 op til 3 m\u00e5neder inden alle dine oplysninger er slettet som f\u00f8lge af back-ups mv.<br>&nbsp;<br>Hvis dit forl\u00f8b ikke l\u00e6ngere er aktivt, slettes dine personoplysninger og vil som udgangspunkt blive slettet 2 \u00e5r efter udl\u00f8bet af det kalender\u00e5r, hvori du har oprettet forl\u00f8bet.<\/p><p>Baggrunden herfor er, at vi hverken \u00f8nsker eller m\u00e5 behandle personlige oplysninger, som det ikke er n\u00f8dvendigt eller relevant at behandle.<br>&nbsp;<br>Oplysninger i henhold til punkt 1.3. slettes, n\u00e5r dit samtykke hertil tr\u00e6kkes tilbage.<br>&nbsp;<br>Oplysninger i henhold til punkt 1.4. slettes, n\u00e5r dit samtykke hertil tr\u00e6kkes tilbage.<\/p><p><strong>5. Sikkerhed<\/strong><br>skolenivirkeligheden.dk bestr\u00e6ber sig p\u00e5 bedst muligt at beskytte integriteten og fortroligheden af og tilg\u00e6ngeligheden til dine personlige oplysninger via hjemmesiden, https:\/\/skolenivirkeligheden.dk. S\u00e5 vi sikrer os s\u00e5 vidt muligt mod, at personoplysninger h\u00e6ndeligt eller ulovligt tilintetg\u00f8res, fortabes, \u00e6ndres eller forringes samt mod, at de kommer til uvedkommendes kendskab eller misbruges.<\/p><p>De samarbejdspartnere der servicere os i driften af skolenivirkeligheden.dk og som derfor ogs\u00e5 varetager behandling af dine data, agerer kun efter anvisninger fra os og opfylder regler og lovgivning p\u00e5 omr\u00e5det. De har endvidere underlagt sig en databehandleraftale med skolenivirkeligheden.dk.<\/p><p>Kun medarbejdere i skolenivirkeligheden.dk, der har et reelt behov for at f\u00e5 adgang til dine personoplysninger for at udf\u00f8re deres arbejde, har adgang til disse data.<\/p><p><strong>6. Dine rettigheder<\/strong><\/p><p><strong>6.1 Indsigt<\/strong><br>Du har ret til at f\u00e5 indsigt i de personoplysninger, som vi behandler om dig, med de undtagelser der er fastsat i lovgivningen.<br>&nbsp;<br>Du er til enhver tid berettiget til at bede os om oplysning om blandt andet, hvilke oplysninger vi har registreret om dig, hvilket form\u00e5l registreringen tjener, hvilke kategorier af personoplysninger og modtagere af oplysninger der evt. m\u00e5tte v\u00e6re, samt oplysning om hvorfra oplysningerne stammer.<br>&nbsp;<br>Du har ret til at f\u00e5 udleveret en kopi af de personoplysninger, som vi behandler om dig. Hvis du \u00f8nsker en kopi af dine personoplysninger, skal du kontakte: Ballerup Kommune, Hold-an Vej 7, 2750 Ballerup.<\/p><p><strong>6.2 Indsigelse<\/strong><br>Du kan g\u00f8re indsigelse mod vores indsamling og videre behandling af dine personoplysninger. Derudover har du ret til berigtigelse af dine personoplysninger, eller bede os om at begr\u00e6nse behandlingen af dine personoplysninger.<\/p><p><strong>6.3 Dataportabilitet<\/strong><br>Du har ret til at f\u00e5 personoplysninger, som du selv har givet os, udleveret i et struktureret, almindeligt anvendt og maskinl\u00e6sbar format og har ret til at overf\u00f8re disse oplysninger til en anden dataansvarlig.<\/p><p><strong>6.4 Retten til berigtigelse<\/strong><br>Du har ret til at f\u00e5 urigtige personoplysninger om dig selv berigtiget af os. Hvis du bliver opm\u00e6rksom p\u00e5, at der er fejl i de oplysninger, som vi har registreret om dig, opfordres du til at rette skriftlig henvendelse til Christina Harting, Ballerup Kommune, Hold-an Vej 7, 2750 Ballerup, s\u00e5 oplysningerne kan blive korrigeret.<br><br><strong>6.5 Retten til at tilbagekalde samtykke<\/strong><br>Du har til enhver tid ret til at tilbagekalde et samtykke, du har givet os til en given behandling af personoplysninger, herunder til den profilering, der foretages af dig som bruger af SIV. Hvis du \u00f8nsker at tilbagekalde dit samtykke, bedes du kontakte: Christina Harting, Ballerup Kommune, Hold-an Vej 7, 2750 Ballerup.<\/p><p><strong>6.6 Klage<\/strong><br>Hvis du er uenig i den m\u00e5de, som vi behandler dine personoplysninger p\u00e5, eller de form\u00e5l, som vi behandler oplysningerne til, er du velkommen til at kontakte:<br>Christina Harting, Ballerup Kommune, Hold-an Vej 7, 2750 Ballerup.<br>&nbsp;<br>Du kan ogs\u00e5 indgive en klage til:<br>Datatilsynet<br>Borgergade 28, 5. Sal<br>1300 K\u00f8benhavn K<br><\/p><p><strong>7. Links til andre hjemmesider mv.<\/strong><br>Vores hjemmeside kan indeholde links til andre hjemmesider. Vi er ikke ansvarlige for indholdet af andre hjemmesider (tredjeparts hjemmesider) eller for den persondatapolitik, s\u00e5danne tredjeparter har for indsamling og behandling af personoplysninger. N\u00e5r du bes\u00f8ger en tredjeparts hjemmeside, b\u00f8r du altid g\u00f8re dig bekendt med hjemmesideejerens Persondatapolitik, Cookiepolitik, samt andre relevante politikker.<\/p><p><strong>8. \u00c6ndringer af Persondatapolitikken<\/strong><br>Vi forbeholder os retten til at \u00e6ndre denne Persondatapolitik grundet v\u00e6sentlige \u00e6ndringer i lovgivningen, nye tekniske l\u00f8sninger, nye eller forbedrede funktioner eller for at forbedre hjemmesiden.<br>&nbsp;<br>S\u00e5fremt vi foretager \u00e6ndringer i Persondatapolitikken, vil du blive orienteret om dette ved dit n\u00e6ste bes\u00f8g p\u00e5 hjemmesiden.<br>&nbsp;<br>Hvis du har en brugerkonto, vil du blive orienteret om \u00e6ndringerne i politikken ved udsendelse af information via hjemmesiden eller til din registrerede e-mailadresse.<\/p><p><strong>9. Kontakt<\/strong><br>skolenivirkeligheden.dk er dataansvarlig for de persondata, som indsamles via hjemmesiden, skolenivirkeligheden.dk.<br>&nbsp;<br>Hvis du \u00f8nsker, at g\u00f8re brug af dine rettigheder til f.eks. opdatering, berigtigelse eller sletning af dine personoplysninger, eller hvis du har sp\u00f8rgsm\u00e5l til denne persondatapolitik, kan du kontakte os p\u00e5 f\u00f8lgende adresse:<br>&nbsp;<br>Ballerup Kommune<br>att. Christina Harting<br>Hold-an Vej 7<br>2750 Ballerup<\/p>","protected":false},"excerpt":{"rendered":"<p>I denne persondatapolitik beskrives, hvordan vi indsamler og bruger de personoplysninger, som du efterlader dig og\/eller afgiver, n\u00e5r du bes\u00f8ger vores hjemmeside, og anvender de forskellige services og funktioner, som skolenivirkeligheden.dk tilbyder. 1. Indsamling af personoplysningerVi informerer dig altid, f\u00f8r vi indsamler dine personoplysninger. Dine personoplysninger giver os mulighed for at give dig en bedre [&hellip;]<\/p>\n","protected":false},"author":2,"featured_media":0,"parent":0,"menu_order":0,"comment_status":"closed","ping_status":"closed","template":"","meta":{"_acf_changed":false,"footnotes":""},"class_list":["post-8784","page","type-page","status-publish","hentry"],"acf":[],"publishpress_future_workflow_manual_trigger":{"enabledWorkflows":[]},"_links":{"self":[{"href":"https:\/\/skolenivirkeligheden.dk\/ballerup\/wp-json\/wp\/v2\/pages\/8784","targetHints":{"allow":["GET"]}}],"collection":[{"href":"https:\/\/skolenivirkeligheden.dk\/ballerup\/wp-json\/wp\/v2\/pages"}],"about":[{"href":"https:\/\/skolenivirkeligheden.dk\/ballerup\/wp-json\/wp\/v2\/types\/page"}],"author":[{"embeddable":true,"href":"https:\/\/skolenivirkeligheden.dk\/ballerup\/wp-json\/wp\/v2\/users\/2"}],"replies":[{"embeddable":true,"href":"https:\/\/skolenivirkeligheden.dk\/ballerup\/wp-json\/wp\/v2\/comments?post=8784"}],"version-history":[{"count":1,"href":"https:\/\/skolenivirkeligheden.dk\/ballerup\/wp-json\/wp\/v2\/pages\/8784\/revisions"}],"predecessor-version":[{"id":8785,"href":"https:\/\/skolenivirkeligheden.dk\/ballerup\/wp-json\/wp\/v2\/pages\/8784\/revisions\/8785"}],"wp:attachment":[{"href":"https:\/\/skolenivirkeligheden.dk\/ballerup\/wp-json\/wp\/v2\/media?parent=8784"}],"curies":[{"name":"wp","href":"https:\/\/api.w.org\/{rel}","templated":true}]}}