{"id":8782,"date":"2025-05-29T18:04:11","date_gmt":"2025-05-29T16:04:11","guid":{"rendered":"https:\/\/skolenivirkeligheden.dk\/ballerup\/?page_id=8782"},"modified":"2025-05-29T18:04:11","modified_gmt":"2025-05-29T16:04:11","slug":"cookiepolitik","status":"publish","type":"page","link":"https:\/\/skolenivirkeligheden.dk\/ballerup\/cookiepolitik\/","title":{"rendered":"Cookiepolitik"},"content":{"rendered":"<h1 class=\"wp-block-post-title\">Cookiepolitik<\/h1><div class=\"breadcrumbs\">\n\t\t\t<div class=\"breadcrumbs-part\">\n\t\t\t<a href=\"https:\/\/skolenivirkeligheden.dk\/ballerup\/\" title=\"Ballerup\">Ballerup<\/a><span class=\"seperator\">&#187;<\/span>\n\t\t<\/div>\n\t\t\t<div class=\"breadcrumbs-part\">\n\t\t\t<a href=\"https:\/\/skolenivirkeligheden.dk\/ballerup\/cookiepolitik\/\" title=\"Cookiepolitik\">Cookiepolitik<\/a><span class=\"seperator\">&#187;<\/span>\n\t\t<\/div>\n\t<\/div><p>Denne hjemmeside skolenivirkeligheden.dk (herefter &#8220;Hjemmesiden&#8221; ejes og drives af skolenivirkeligheden.dk, Ballerup Kommune, Hold-an Vej 7, 2750 Ballerup.<br><br>Cookies er sm\u00e5 tekstfiler, der lagres p\u00e5&nbsp; computeren eller andet IT-udstyr, n\u00e5r en hjemmeside bes\u00f8ges. Cookies anvendes i dag af langt st\u00f8rstedelen af alle hjemmesider, og disse sm\u00e5 filer g\u00f8r det muligt at indsamle information om, hvilke sider og funktioner brugeren bes\u00f8ger og anvender. Endvidere bruges de til at huske indstillinger og udf\u00f8re statistik.<br><br><strong>Egne cookies:<\/strong><br>skolenivirkeligheden.dk l\u00e6gger selv cookies p\u00e5 Hjemmesiden, idet form\u00e5let hermed er at kende brugernes vaner i forbindelse med l\u00e6ringstilbud og skolenivirkeligheden.dk, s\u00e5 vi kan im\u00f8dekomme behov, samt generelt servicere brugerne bedst muligt. <br><br><strong>Tredjepartscookies:<\/strong><br>Der lagres ogs\u00e5 tredjepartscookies p\u00e5 Hjemmesiden fra fx. Youtube (for at kunne vise video).<br><br><strong>Fravalg af cookies:<\/strong><br>Via Hjemmesiden vil der ikke placeres cookies, s\u00e5fremt du ikke har samtykket hertil. Hvis du som bruger har accepteret cookies, kan du l\u00e6se, hvordan du sletter cookies ved at klikke her http:\/\/minecookies.org\/cookiehandtering<br><br>Du kan desuden \u00e6ndre ops\u00e6tningen i internetbrowseren og dermed frav\u00e6lge brugen af cookies. Find en udf\u00f8rlig vejledning til, hvordan cookies frav\u00e6lges her: http:\/\/minecookies.org\/cookiehandtering<br><br><strong>Regelgrundlag:<\/strong><br>N\u00e6rv\u00e6rende cookiepolitik f\u00f8lger kravene i Bekendtg\u00f8relse om krav til information og samtykke ved lagring af og adgang til oplysninger i slutbrugeres terminaludstyr (cookiebekendtg\u00f8relsen).<br><br><strong>\u00d8vrigt:<\/strong><br>Bem\u00e6rk, at visse af Hjemmesidens funktioner foruds\u00e6tter, at brug af cookies accepteres af brugeren. For sp\u00f8rgsm\u00e5l eller yderligere information om skolenivirkeligheden.dk brug og behandling af cookies, kan du kontakte: Christina Harting, Ballerup Kommune, Hold-an Vej 7, 2750 Ballerup.<\/p>","protected":false},"excerpt":{"rendered":"<p>Denne hjemmeside skolenivirkeligheden.dk (herefter &#8220;Hjemmesiden&#8221; ejes og drives af skolenivirkeligheden.dk, Ballerup Kommune, Hold-an Vej 7, 2750 Ballerup. Cookies er sm\u00e5 tekstfiler, der lagres p\u00e5&nbsp; computeren eller andet IT-udstyr, n\u00e5r en hjemmeside bes\u00f8ges. Cookies anvendes i dag af langt st\u00f8rstedelen af alle hjemmesider, og disse sm\u00e5 filer g\u00f8r det muligt at indsamle information om, hvilke sider [&hellip;]<\/p>\n","protected":false},"author":2,"featured_media":0,"parent":0,"menu_order":0,"comment_status":"closed","ping_status":"closed","template":"","meta":{"_acf_changed":false,"footnotes":""},"class_list":["post-8782","page","type-page","status-publish","hentry"],"acf":[],"publishpress_future_workflow_manual_trigger":{"enabledWorkflows":[]},"_links":{"self":[{"href":"https:\/\/skolenivirkeligheden.dk\/ballerup\/wp-json\/wp\/v2\/pages\/8782","targetHints":{"allow":["GET"]}}],"collection":[{"href":"https:\/\/skolenivirkeligheden.dk\/ballerup\/wp-json\/wp\/v2\/pages"}],"about":[{"href":"https:\/\/skolenivirkeligheden.dk\/ballerup\/wp-json\/wp\/v2\/types\/page"}],"author":[{"embeddable":true,"href":"https:\/\/skolenivirkeligheden.dk\/ballerup\/wp-json\/wp\/v2\/users\/2"}],"replies":[{"embeddable":true,"href":"https:\/\/skolenivirkeligheden.dk\/ballerup\/wp-json\/wp\/v2\/comments?post=8782"}],"version-history":[{"count":1,"href":"https:\/\/skolenivirkeligheden.dk\/ballerup\/wp-json\/wp\/v2\/pages\/8782\/revisions"}],"predecessor-version":[{"id":8783,"href":"https:\/\/skolenivirkeligheden.dk\/ballerup\/wp-json\/wp\/v2\/pages\/8782\/revisions\/8783"}],"wp:attachment":[{"href":"https:\/\/skolenivirkeligheden.dk\/ballerup\/wp-json\/wp\/v2\/media?parent=8782"}],"curies":[{"name":"wp","href":"https:\/\/api.w.org\/{rel}","templated":true}]}}