{"id":4635,"date":"2022-07-17T22:17:49","date_gmt":"2022-07-17T20:17:49","guid":{"rendered":"https:\/\/skolenivirkeligheden.dk\/ballerup\/?page_id=4635"},"modified":"2022-08-14T12:30:52","modified_gmt":"2022-08-14T10:30:52","slug":"om","status":"publish","type":"page","link":"https:\/\/skolenivirkeligheden.dk\/ballerup\/om\/","title":{"rendered":"Om Ballerup"},"content":{"rendered":"<div class=\"wp-block-cover-wrapper io-animation has-media\"><div class=\"wp-block-cover is-light\" id=\"html-anker\"><span aria-hidden=\"true\" class=\"wp-block-cover__background has-background-dim-0 has-background-dim\"><\/span><img decoding=\"async\" class=\"wp-block-cover__image-background wp-image-1773\" alt=\"\" src=\"https:\/\/skolenivirkeligheden.dk\/wp-content\/uploads\/2022\/06\/Front-SiV-Om.jpg\" style=\"object-position:50% 18%\" data-object-fit=\"cover\" data-object-position=\"50% 18%\"\/><div class=\"wp-block-cover__inner-container is-layout-flow wp-block-cover-is-layout-flow\"><p class=\"has-text-align-center has-large-font-size\"><\/p><\/div><\/div><div class=\"overlap-wrapper\"><div class=\"overlap\"><\/div><\/div><\/div><h1 class=\"wp-block-heading\" style=\"text-transform:uppercase\">Skolen skal ud i virkeligheden, og virkeligheden skal ind i skolen<\/h1><div class=\"breadcrumbs\">\n\t\t\t<div class=\"breadcrumbs-part\">\n\t\t\t<a href=\"https:\/\/skolenivirkeligheden.dk\/ballerup\/\" title=\"Ballerup\">Ballerup<\/a><span class=\"seperator\">&#187;<\/span>\n\t\t<\/div>\n\t<\/div><p><strong>Form\u00e5let med skolenivirkeligheden.dk<\/strong><\/p><p>\u00c5ben Skole bringer skolen ud i virkeligheden og virkeligheden ind i skolen. M\u00e5let er at skabe et l\u00e6ringssamarbejde og -f\u00e6llesskab mellem skoler, uddannelsesinstitutioner, virksomheder, foreninger, kulturtilbud, musikskoler, ungdomsskoler samt andre akt\u00f8rer, s\u00e5 undervisningen bliver mere virkelighedsn\u00e6r og inspirerende for eleverne, b\u00e5de i teori og praksis.&nbsp;<\/p><p>Skolenivirkeligheden.dk i Ballerup g\u00f8r det nemt for l\u00e6rere og p\u00e6dagoger at finde et forl\u00f8b, en oplevelse eller en inspirationskilde, der passer til og kan v\u00e6re et l\u00e6rerigt og relevant bidrag til mange forskellige fag og l\u00e6ringsforl\u00f8b.&nbsp;<\/p><p>Portalen skolenivirkeligheden.dk er et godt bindeled til at forening, kulturtilbud, erhverv eller ungdomsuddannelse m.fl. kan udbrede kendskabet til deres muligheder og tilbud, samt m\u00f8de nye potentielle medlemmer\/elever\/ansatte. Ballerup Kommune har udarbejdet et koncept for, hvordan vi i Ballerup Kommune arbejder med \u00c5ben Skole. Konceptet findes<a href=\"https:\/\/sites.google.com\/skoledrev.dk\/aabenskoleballerup\/startside\">&nbsp;her<\/a>.<\/p><p><strong>Til kommende samarbejdspartere<\/strong><\/p><p>Har I lyst til at bidrage til elevernes l\u00e6ring og trivsel i Ballerup og f\u00e5 en v\u00e6rdifuld kontakt til skolerne?&nbsp;<\/p><p>Vi s\u00f8ger samarbejdspartere, der kan se sig selv, sit arbejdsomr\u00e5de, sin virksomhed eller forening som et interessant, relevant tilbud for Ballerups skoleelever \u2013 og som gerne vil tage del i dette samarbejde om at indf\u00f8re b\u00f8rn og unge i lokalomr\u00e5det og samfundet udenfor skolen.<\/p><p><strong>Tilbuddet skal:<\/strong><\/p><ul class=\"wp-block-list\"><li>beskrive aktivitetens indhold og m\u00e5l, m\u00e5lgruppe, fag og mulige perioder<\/li><li>kunne rettes mod \u00e9n eller flere aldersgrupper mellem 6 og 18 \u00e5r<\/li><li>v\u00e6re tilg\u00e6ngeligt i tidsrummet kl. 8-16&nbsp;<\/li><li>kunne tilknyttes og oplyse om en kontaktperson&nbsp;<\/li><li>beskrive om det skal koste noget eller v\u00e6re gratis<\/li><\/ul><p><br>Som udbyder bestemmer du selv, om eleverne skal komme p\u00e5 bes\u00f8g hos jer, eller om I tager ud p\u00e5 skolen. Det er dog vigtigt, at I kan im\u00f8dekomme den aftalte aldersgruppe og antal b\u00f8rn. Klassens l\u00e6rere og\/eller p\u00e6dagoger vil altid v\u00e6re til stede i de enkelte forl\u00f8b.<\/p><p>Under s\u00e6rlige omst\u00e6ndigheder vil det v\u00e6re n\u00f8dvendigt at have en b\u00f8rneattest, fx ved l\u00e6ngerevarende forl\u00f8b.&nbsp;<\/p><p>N\u00e5r jeres tilbud er oprettet p\u00e5 skolenivirkeligheden.dk, vil Ballerups l\u00e6rere og p\u00e6dagoger have mulighed for at kontakte jer via mail. I skal kunne svare tilbage inden for max 3 hverdage.<\/p><p>Portalens tilbud evalueres og revideres hvert for\u00e5r af hensyn til skolernes \u00e5rsplan samt samarbejdsparternes planl\u00e6gning af n\u00e6ste s\u00e6son\/skole\u00e5r.&nbsp;<\/p><p>For hvert enkelt forl\u00f8b udarbejdes en samarbejdsaftale, som udfyldes af de samarbejdende parter (skoler og samarbejdspart). Skabelon til aftalen findes&nbsp;<a href=\"https:\/\/sites.google.com\/skoledrev.dk\/aabenskoleballerup\/startside\">her<\/a>.<\/p><p><strong>Godtg\u00f8relse af foreningers udgifter i forbindelse med undervisningsforl\u00f8b til skoler og daginstitutioner&nbsp;<\/strong><\/p><p>Ballerup Kommune arbejder med at udvikle den \u00e5bne skole og her er foreningerne en vigtig spiller. Der er derfor afsat et bel\u00f8b til at godtg\u00f8re foreninger de udgifter, der er til udvikling og gennemf\u00f8rsel af undervisningstilbud til skoler.<\/p><p><strong>Hvad kan der s\u00f8ges midler til?<\/strong><br>Foreningen kan s\u00f8ge \u00f8konomisk st\u00f8tte til udvikling og gennemf\u00f8rsel forl\u00f8bstilbud, der tilbydes til skolerne gratis. Der kan s\u00f8ges st\u00f8tte til f\u00f8lgende udgifter:<\/p><ul class=\"wp-block-list\"><li>Timel\u00f8n til instrukt\u00f8r: Maksimalt 300 kr.\/timen. Timeantallet m\u00e5 gerne v\u00e6;re inklusiv forberedelse p\u00e5 dagen. Dog maksimalt fra 30 minutter inden forl\u00f8bets start til 30 minutter efter forl\u00f8bet er afsluttet.<\/li><li>Indk\u00f8b af materialer. Maksimalt for 2.500 kr. Bem\u00e6rk at hvis der er tale om genanvendelige materialer, skal disse v\u00e6re tilg\u00e6ngelige til efterf\u00f8lgende lignende forl\u00f8b eller p\u00e5 en tilknyttet skole i distriktet.<\/li><li>D\u00e6kning af transport. Dog kun til transport indenfor Hovedstadsomr\u00e5det. Til d\u00e6kning af k\u00f8rsel i egen bil benyttes Statens laveste k\u00f8rselstakst. Herudover d\u00e6kkes udgifter til billetter til offentlige transportmidler.<\/li><li>Er forl\u00f8bet en succes og \u00f8nsker foreningen at gennemf\u00f8re flere, skal den enkelte skole selv l\u00f8fte den eventuelle udgift, foreningen har behov for at f\u00e5 d\u00e6kket, for at kunne gennemf\u00f8re tilbuddet fremadrettet.<\/li><\/ul>","protected":false},"excerpt":{"rendered":"<p>Skolen skal ud i virkeligheden, og virkeligheden skal ind i skolen Form\u00e5let med skolenivirkeligheden.dk \u00c5ben Skole bringer skolen ud i virkeligheden og virkeligheden ind i skolen. M\u00e5let er at skabe et l\u00e6ringssamarbejde og -f\u00e6llesskab mellem skoler, uddannelsesinstitutioner, virksomheder, foreninger, kulturtilbud, musikskoler, ungdomsskoler samt andre akt\u00f8rer, s\u00e5 undervisningen bliver mere virkelighedsn\u00e6r og inspirerende for eleverne, b\u00e5de [&hellip;]<\/p>\n","protected":false},"author":2,"featured_media":0,"parent":0,"menu_order":0,"comment_status":"closed","ping_status":"closed","template":"page-templates\/page-about.php","meta":{"_acf_changed":false,"footnotes":""},"class_list":["post-4635","page","type-page","status-publish","hentry"],"acf":[],"publishpress_future_workflow_manual_trigger":{"enabledWorkflows":[]},"_links":{"self":[{"href":"https:\/\/skolenivirkeligheden.dk\/ballerup\/wp-json\/wp\/v2\/pages\/4635","targetHints":{"allow":["GET"]}}],"collection":[{"href":"https:\/\/skolenivirkeligheden.dk\/ballerup\/wp-json\/wp\/v2\/pages"}],"about":[{"href":"https:\/\/skolenivirkeligheden.dk\/ballerup\/wp-json\/wp\/v2\/types\/page"}],"author":[{"embeddable":true,"href":"https:\/\/skolenivirkeligheden.dk\/ballerup\/wp-json\/wp\/v2\/users\/2"}],"replies":[{"embeddable":true,"href":"https:\/\/skolenivirkeligheden.dk\/ballerup\/wp-json\/wp\/v2\/comments?post=4635"}],"version-history":[{"count":3,"href":"https:\/\/skolenivirkeligheden.dk\/ballerup\/wp-json\/wp\/v2\/pages\/4635\/revisions"}],"predecessor-version":[{"id":4901,"href":"https:\/\/skolenivirkeligheden.dk\/ballerup\/wp-json\/wp\/v2\/pages\/4635\/revisions\/4901"}],"wp:attachment":[{"href":"https:\/\/skolenivirkeligheden.dk\/ballerup\/wp-json\/wp\/v2\/media?parent=4635"}],"curies":[{"name":"wp","href":"https:\/\/api.w.org\/{rel}","templated":true}]}}